{"id":755,"date":"2016-08-19T16:22:02","date_gmt":"2016-08-19T14:22:02","guid":{"rendered":"http:\/\/marcotrabucco.com\/?page_id=755"},"modified":"2019-10-02T10:18:49","modified_gmt":"2019-10-02T08:18:49","slug":"press","status":"publish","type":"page","link":"https:\/\/marcotrabucco.com\/press\/","title":{"rendered":"PRESS DA MODIFICARE"},"content":{"rendered":"<h2><span style=\"color: #000000;\">ABOUT <\/span><em><span style=\"color: #000000;\">&#8220;Making friends&#8221;<\/span><\/em><\/h2>\n<p><span style=\"color: #808080; font-size: small;\">Abeat Records &#8211; ABJZ 522 &#8211; 2013<\/span><\/p>\n<p><a href=\"http:\/\/marcotrabucco.com\/wp-content\/uploads\/2014\/11\/522-OirTrio.jpg\"><img decoding=\"async\" class=\"alignnone size-full wp-image-60\" src=\"http:\/\/marcotrabucco.com\/wp-content\/uploads\/2014\/11\/522-OirTrio.jpg\" alt=\"522-OirTrio\" width=\"203\" height=\"203\" srcset=\"https:\/\/marcotrabucco.com\/wp-content\/uploads\/2014\/11\/522-OirTrio.jpg 203w, https:\/\/marcotrabucco.com\/wp-content\/uploads\/2014\/11\/522-OirTrio-160x160.jpg 160w, https:\/\/marcotrabucco.com\/wp-content\/uploads\/2014\/11\/522-OirTrio-150x150.jpg 150w\" sizes=\"(max-width: 203px) 100vw, 203px\" \/><\/a><\/p>\n<p><span style=\"color: #000000; font-size: small;\"><b>Giulio Scaramella<\/b>: pianoforte<br \/>\n<b>Marco Trabucco<\/b>: contrabbasso<br \/>\n<b>Max Trabucco<\/b>: batteria<br \/>\n<b>Klaus Gesing<\/b>: sax soprano, clarinetto basso<\/span><\/p>\n<p>&nbsp;<\/p>\n<p style=\"text-align: justify;\"><span style=\"color: #000000; font-size: small;\">L&#8217;Oirtrio \u00e8 una formazione attiva dal 2011. E&#8217; un workshop tenuto in piedi da tre musicisti, Giulio Scaramella al pianoforte, Marco Trabucco al contrabbasso e Max Trabucco alla batteria, che si prefiggono una crescita e maturazione costante nell&#8217;ambito di una musica, il jazz, che offre continui stimoli e momenti di innovazione e sperimentazione. E&#8217; un progetto che si consolida negli anni e fa di loro un piano trio moderno, sganciato dal mainstream e proiettato verso sonorit\u00e0 a met\u00e0 strada tra il sound afroamericano di ricerca e quello europeo. Alla base del loro jazz c&#8217;\u00e8 l&#8217;improvvisazione, composizioni originali contenenti idee e sperimentazioni timbriche, tecnica e nuovi linguaggi. Making Friends \u00e8 un affresco di quello che giorno dopo giorno stanno realizzando, attraverso un interplay efficace, minuzioso nei dettagli, e matematico negli incastri cronologici.<br \/>\nPur essendo un&#8217;opera prima non contiene le incertezze degli esordi, le amnesie, o le sfasature ritmiche e tecniche. Anzi, oltre ad essere in piena sintonia, i tre si concedono assolo calibrati, equilibrati e in piena economia con il contesto temporale delle singole composizioni. Queste ultime poi (otto in totale pi\u00f9 una cover di Monk, <b>Bye Ya<\/b>), tutte scritte da Scaramella &#8211; che immaginiamo sia un &#8220;fan&#8221; del pianista americano a cui omaggia <b>Funkamonk<\/b> -, tranne una, <b>Fla<\/b>, da Trabucco, rasentano freschezza espositiva, temi accattivanti, ritmi vivaci e carichi di colore e calore. La presenza del sassofonista tedesco Klaus Gesing aggiunge sapienza e lirismo, prerogative che vanno a rafforzare la tenuta melodica del disco. I suoi interventi in <b>Sandrigo<\/b>, <b>Green Weeks<\/b>, <b>Young<\/b> e <b>Didi<\/b>, sono momenti di alta scuola jazzistica e valorizzano ancor pi\u00f9 il lavoro di costruzione che il trio fa sia in quei brani che in quelli restanti (<b>Scarf Theme<\/b>, <b>Bye Ya<\/b>, <b>Betty<\/b>, <b>Funkamonk<\/b> e <b>Fla<\/b>), perch\u00e9 rendono il disco completo, variegato e &#8220;semplicemente complesso&#8221;.<\/span><\/p>\n<div>\u00a0<a href=\"http:\/\/marcotrabucco.com\/wp-content\/uploads\/2016\/02\/12742024_995458580502971_2654289527378725551_n.jpg\"><img decoding=\"async\" class=\"alignleft size-medium wp-image-612\" src=\"http:\/\/marcotrabucco.com\/wp-content\/uploads\/2016\/02\/12742024_995458580502971_2654289527378725551_n-64x300.jpg\" alt=\"\" width=\"64\" height=\"300\" \/><\/a><\/div>\n<div><\/div>\n<div><\/div>\n<div><\/div>\n<div><\/div>\n<div><\/div>\n<div><\/div>\n<div><\/div>\n<div><\/div>\n<div><\/div>\n<div><\/div>\n<div><\/div>\n<div><\/div>\n<div><\/div>\n<div><strong>Jazzconvention.net<\/strong><\/div>\n<p><span style=\"line-height: 1.5;\">&#8220;Excellent <span class=\"il\">trio<\/span>!\u00a0 You three play together really well, and the songs are of a very high quality.\u00a0 And, of course, I much enjoyed your bass playing, Marco. \u00a0<\/span><span style=\"line-height: 1.5;\">The bass sounds very good to me, rich and deep, and I like very much what you&#8217;re playing. Your playing shows maturity beyond your years.&#8221;<\/span><\/p>\n<p><strong>Steve Swallow<\/strong><\/p>\n<p>&#8220;There is a high level of artistry happening in this ensemble. It is beautiful to hear improvised music where all the players have a collective vision and conception. When the stars are aligned it can be amazing. Congratulations.&#8221;<\/p>\n<p><strong><span style=\"line-height: 1.5;\">Sid Jacobs<\/span><\/strong><\/p>\n<p>&#8220;I like the compositions and arrangements very much, the sound and balance of the recording as well. You sound great on it Marco, very solid and in tune overall and nice, lyrical solos, very nice!&#8221;<\/p>\n<p><strong>Fernando Huergo<\/strong><\/p>\n<p>&nbsp;<\/p>","protected":false},"excerpt":{"rendered":"<p>ABOUT &#8220;Making friends&#8221; Abeat Records &#8211; ABJZ 522 &#8211; 2013 Giulio Scaramella: pianoforte Marco Trabucco: contrabbasso Max Trabucco: batteria Klaus Gesing: sax soprano, clarinetto basso &nbsp; L&#8217;Oirtrio \u00e8 una formazione attiva dal 2011. E&#8217; un workshop tenuto in piedi da tre musicisti, Giulio Scaramella al pianoforte, Marco Trabucco al contrabbasso [&hellip;]<\/p>","protected":false},"author":1,"featured_media":0,"parent":0,"menu_order":0,"comment_status":"closed","ping_status":"closed","template":"","meta":{"footnotes":""},"class_list":["post-755","page","type-page","status-publish","hentry"],"_links":{"self":[{"href":"https:\/\/marcotrabucco.com\/en\/wp-json\/wp\/v2\/pages\/755","targetHints":{"allow":["GET"]}}],"collection":[{"href":"https:\/\/marcotrabucco.com\/en\/wp-json\/wp\/v2\/pages"}],"about":[{"href":"https:\/\/marcotrabucco.com\/en\/wp-json\/wp\/v2\/types\/page"}],"author":[{"embeddable":true,"href":"https:\/\/marcotrabucco.com\/en\/wp-json\/wp\/v2\/users\/1"}],"replies":[{"embeddable":true,"href":"https:\/\/marcotrabucco.com\/en\/wp-json\/wp\/v2\/comments?post=755"}],"version-history":[{"count":22,"href":"https:\/\/marcotrabucco.com\/en\/wp-json\/wp\/v2\/pages\/755\/revisions"}],"predecessor-version":[{"id":4497,"href":"https:\/\/marcotrabucco.com\/en\/wp-json\/wp\/v2\/pages\/755\/revisions\/4497"}],"wp:attachment":[{"href":"https:\/\/marcotrabucco.com\/en\/wp-json\/wp\/v2\/media?parent=755"}],"curies":[{"name":"wp","href":"https:\/\/api.w.org\/{rel}","templated":true}]}}