{"id":696,"date":"2016-08-08T09:26:10","date_gmt":"2016-08-08T07:26:10","guid":{"rendered":"http:\/\/marcotrabucco.com\/?page_id=696"},"modified":"2017-05-19T12:06:09","modified_gmt":"2017-05-19T10:06:09","slug":"audio","status":"publish","type":"page","link":"https:\/\/marcotrabucco.com\/media\/audio\/","title":{"rendered":"AUDIO"},"content":{"rendered":"<p>OIRTRIO &#8211;\u00a0<em>Making friends<\/em> (produced for Abeat)<\/p>\n<div class=\"excerpt\">\n<p>Giulio Scaramella \u2013 piano<br \/>\nMarco Trabucco \u2013\u00a0doublebass<br \/>\nMax Trabucco \u2013 drums<\/p>\n<p>feat<\/p>\n<p><em><strong>Klaus Gesing<\/strong><\/em> \u2013\u00a0alto sax &amp; bass clarinet<\/p>\n<\/div>\n<p>La fluida realt\u00e0 musicale italiana ci regala sempre delle interessanti novit\u00e0 che testimoniano di una capacit\u00e0 unica al mondo di sapersi rigenerare e riscrivere con originalit\u00e0 manifestando soprattutto sorprendenti doti tecniche e compositive. In sintesi la capacit\u00e0 di saper proporre sempre artisti e musiche nuove nel rispetto del linguaggio e delle radici del jazz e con un segno di evoluzione e modernit\u00e0. Oirtrio ne \u00e8 il classico esempio. Musicisti giovani, tecnicamente solidi, che hanno studiato e metabolizzato la tradizione ed al contempo si fanno portatori di una nuova sintesi stilistica la cui cifra parla di influenze, colori e sapori che attingono a tutte le latidutini. Questo loro disco, \u201cmaking friends\u201d si segnala per l\u2019alta qualit\u00e0 compositiva, l\u2019interplay fra i musicisti, solidi ritmicamente ed eccellenti in fase solistica, dove la vena lirica \u00e8 ulteriormente stigmatizzata dagli eccellenti interventi di Klaus Gesing al clarino basso ed al sax soprano. Un esordio davvero sorprendente.<\/p>\n<p>&nbsp;<\/p>\n<p><iframe style=\"border: 0; width: 400px; height: 439px;\" src=\"http:\/\/bandcamp.com\/EmbeddedPlayer\/album=1812198209\/size=large\/bgcol=ffffff\/linkcol=e99708\/artwork=small\/transparent=true\/\" width=\"300\" height=\"150\" seamless=\"\"><a href=\"http:\/\/marcotrabucco.bandcamp.com\/album\/making-friends\">making friends by OIRTRIO<\/a><\/iframe><\/p>\n<p>&nbsp;<\/p>\n<div class=\"excerpt\">\n<hr \/>\n<\/div>\n<p>&nbsp;<\/p>\n<p>MARCO TRABUCCO 5tet &#8211;\u00a0<em>A Long Trip \/ With You\u00a0<\/em>(produced for Abeat)<\/p>\n<p>Marco Trabucco \u2013 bass \/ compositions<br \/>\nMatteo Alfonso \u2013 piano<br \/>\nLuca Colussi \u2013 drum<br \/>\n<strong>with:<\/strong><br \/>\nGianluca Carollo \u2013 flughelhorn<br \/>\nAndrea Ghezzo \u2013 guitar<\/p>\n<p>Il titolo di questo nuovo progetto discografico lavoro targato Abeat tradisce da subito l\u2019intento dell\u2019autore: un racconto che si snoda lentamente ed inesorabilmente sino a conquistare l\u2019 immaginario ascoltatore quasi come in un ipotetico viaggio in cui, via via, \u201ctappa dopo tappa\u201d, si incontrano nuovi paesaggi ( sonori), nuove suggestioni.<\/p>\n<p>Temi decisi, delicati, circolari che lasciano largo spazio all\u2019immaginazione. Una musica evocativa che acquista solida consistenza, traccia dopo traccia, \u201ctappa dopo tappa\u201d costruendo alla fine un percorso completo dove si incontrano e susseguono ogni volta differenti sapori, colori, pensieri e profumi. Una dimensione eminentemente acustica, una concezione del piano sonoro qui riprodotto con estrema accuratezza ed un perfetto bilanciamento timbrico rendono giustizia ad un lavoro articolato, profondamente evocativo e, ne siamo certi graditissimo ad una platea eterogenea. Alto profilo audiofilo.<\/p>\n<p><iframe src=\"https:\/\/w.soundcloud.com\/player\/?url=https%3A\/\/api.soundcloud.com\/playlists\/245597521&amp;color=ff5500&amp;auto_play=false&amp;hide_related=false&amp;show_comments=true&amp;show_user=true&amp;show_reposts=false\" width=\"100%\" height=\"450\" frameborder=\"no\" scrolling=\"no\"><\/iframe><\/p>\n<hr \/>\n<p>&nbsp;<\/p>\n<p>OIRQUARTETT &#8211; <em>Oirquartett\u00a0<\/em>(produced for Abeat)<\/p>\n<div class=\"excerpt\">\n<p>Giulio Scaramella \u2013 piano<br \/>\nGiovanni Perin\u2013 vibrafono<br \/>\nMarco Trabucco \u2013\u00a0doublebass<br \/>\nMax Trabucco \u2013 drums<\/p>\n<p>with:<\/p>\n<p><em>Mirko Cisilino<\/em>\u00a0\u2013\u00a0tromba<br \/>\n<em>Tommaso Troncon<\/em> \u2013 sax<\/p>\n<!--[if lt IE 9]><script>document.createElement('audio');<\/script><![endif]-->\n<audio class=\"wp-audio-shortcode\" id=\"audio-696-1\" preload=\"none\" style=\"width: 100%;\" controls=\"controls\"><source type=\"audio\/mpeg\" src=\"http:\/\/marcotrabucco.com\/wp-content\/uploads\/2017\/05\/I-Fall-in-love-too-easily.mp3?_=1\" \/><a href=\"http:\/\/marcotrabucco.com\/wp-content\/uploads\/2017\/05\/I-Fall-in-love-too-easily.mp3\">http:\/\/marcotrabucco.com\/wp-content\/uploads\/2017\/05\/I-Fall-in-love-too-easily.mp3<\/a><\/audio>\n<\/div>","protected":false},"excerpt":{"rendered":"<p>OIRTRIO &#8211;\u00a0Making friends (produced for Abeat) Giulio Scaramella \u2013 piano Marco Trabucco \u2013\u00a0doublebass Max Trabucco \u2013 drums feat Klaus Gesing \u2013\u00a0alto sax &amp; bass clarinet La fluida realt\u00e0 musicale italiana ci regala sempre delle interessanti novit\u00e0 che testimoniano di una capacit\u00e0 unica al mondo di sapersi rigenerare e riscrivere con [&hellip;]<\/p>","protected":false},"author":1,"featured_media":0,"parent":602,"menu_order":0,"comment_status":"closed","ping_status":"closed","template":"","meta":{"footnotes":""},"class_list":["post-696","page","type-page","status-publish","hentry"],"_links":{"self":[{"href":"https:\/\/marcotrabucco.com\/en\/wp-json\/wp\/v2\/pages\/696","targetHints":{"allow":["GET"]}}],"collection":[{"href":"https:\/\/marcotrabucco.com\/en\/wp-json\/wp\/v2\/pages"}],"about":[{"href":"https:\/\/marcotrabucco.com\/en\/wp-json\/wp\/v2\/types\/page"}],"author":[{"embeddable":true,"href":"https:\/\/marcotrabucco.com\/en\/wp-json\/wp\/v2\/users\/1"}],"replies":[{"embeddable":true,"href":"https:\/\/marcotrabucco.com\/en\/wp-json\/wp\/v2\/comments?post=696"}],"version-history":[{"count":13,"href":"https:\/\/marcotrabucco.com\/en\/wp-json\/wp\/v2\/pages\/696\/revisions"}],"predecessor-version":[{"id":1077,"href":"https:\/\/marcotrabucco.com\/en\/wp-json\/wp\/v2\/pages\/696\/revisions\/1077"}],"up":[{"embeddable":true,"href":"https:\/\/marcotrabucco.com\/en\/wp-json\/wp\/v2\/pages\/602"}],"wp:attachment":[{"href":"https:\/\/marcotrabucco.com\/en\/wp-json\/wp\/v2\/media?parent=696"}],"curies":[{"name":"wp","href":"https:\/\/api.w.org\/{rel}","templated":true}]}}