{"id":5186,"date":"2024-02-02T17:55:22","date_gmt":"2024-02-02T16:55:22","guid":{"rendered":"http:\/\/marcotrabucco.com\/?page_id=5186"},"modified":"2024-02-07T11:23:13","modified_gmt":"2024-02-07T10:23:13","slug":"bio-3","status":"publish","type":"page","link":"https:\/\/marcotrabucco.com\/bio-3\/","title":{"rendered":"BIO"},"content":{"rendered":"<p>&nbsp;<\/p>\n<h6 data-placeholder=\"Traduzione\" dir=\"ltr\"><\/h6>\n<h6 data-placeholder=\"Traduzione\" dir=\"ltr\"><a href=\"http:\/\/marcotrabucco.com\/wp-content\/uploads\/2024\/02\/per-bio.jpg\"><img fetchpriority=\"high\" decoding=\"async\" src=\"http:\/\/marcotrabucco.com\/wp-content\/uploads\/2024\/02\/per-bio.jpg\" alt=\"\" width=\"1008\" height=\"1254\" class=\"aligncenter size-full wp-image-5219\" srcset=\"http:\/\/marcotrabucco.com\/wp-content\/uploads\/2024\/02\/per-bio.jpg 1008w, http:\/\/marcotrabucco.com\/wp-content\/uploads\/2024\/02\/per-bio-744x926.jpg 744w, http:\/\/marcotrabucco.com\/wp-content\/uploads\/2024\/02\/per-bio-420x523.jpg 420w, http:\/\/marcotrabucco.com\/wp-content\/uploads\/2024\/02\/per-bio-768x955.jpg 768w, http:\/\/marcotrabucco.com\/wp-content\/uploads\/2024\/02\/per-bio-600x746.jpg 600w\" sizes=\"(max-width: 1008px) 100vw, 1008px\" \/><\/a><\/h6>\n<p data-placeholder=\"Traduzione\" dir=\"ltr\"><strong>\u201cInnovator in his area, Marco Trabucco embraces experimenting with contemporary music\u2019s new sounds.\u201d<br \/>\n<\/strong><span class=\"Y2IQFc\" lang=\"it\">\u201cInnovatore nel suo settore, Marco Trabucco abbraccia la sperimentazione delle nuove sonorit\u00e0 della musica contemporanea.\u201d (Jazz world quest)<\/span><\/p>\n<p class=\"tw-data-text tw-text-large tw-ta\" data-placeholder=\"Traduzione\" dir=\"ltr\"><span lang=\"en\" tabindex=\"0\"><strong><span>\u201cYour playing shows maturity beyond your years\u201d (Steve Swallow)<br \/>\n<\/span><\/strong>\u201cIl tuo modo di suonare denota maturit\u00e0 oltre i tuoi anni\u201d (Steve Swallow)<\/span><\/p>\n<p class=\"tw-data-text tw-text-large tw-ta\" data-placeholder=\"Traduzione\" dir=\"ltr\"><span lang=\"en\" tabindex=\"0\"><strong>\u201cA mature and sensitive musician, endowed with a musical vision that is certainly current, but at the same time immersed in a broader aesthetic.\u201d (Umberto Fiorentino)<\/strong><br \/>\n<\/span><i>\u201cUn musicista maturo e sensibile, dotato di una visione musicale che \u00e8 certamente attuale, ma che allo stesso tempo \u00e8 immersa in un\u2019estetica pi\u00f9 ampia.\u201d (Umberto Fiorentino)<\/i><\/p>\n<p><i><span><strong>\u201cA dry stylist musician, but rich in melodic sensitivity\u201d (Boddi, Musica Jazz)<\/strong><br \/>\n\u201cUno strumentista dallo stile asciutto, ma ricco di sensibilit\u00e0 melodica\u201d (Boddi, Musica Jazz)<\/span><br \/>\n<\/i><\/p>\n<h1>Marco Trabucco<\/h1>\n<p>Double bass and electric bass player gifted with a delicate and melodic touch, Marco Trabucco is graduated\u00a0 in<span>\u00a0<\/span><strong>first cycle degree in Jazz<\/strong><span>\u00a0<\/span>at Tartini Conservatoire (TS),<span>\u00a0<\/span><strong>MA Degree in Jazz<\/strong><span>\u00a0<\/span>at the Steffani Conservatoire in Castelfranco (TV),<span>\u00a0<\/span><strong>MA Degree in instrument teaching<\/strong><span>\u00a0<\/span>and at the same time he graduated at Ca\u2019 Foscari (University Institute \u2013 Venice), in<span>\u00a0<\/span><strong>Artistic and Entertainment Techniques<\/strong>.<\/p>\n<p>He deepened his studies by attending high-level masterclasses and seminars such as: \u2013 \u201cDevelopment of the rhythmic sense\u201d (Bjorn Meyer \u2013 2010);<br \/>\n\u2013 \u201cMasterclass of percussion instruments\u201d (Jarrod Cagwin \u2013 2010);<br \/>\n\u2013 \u201cTechniques and strategies for a complex rhythmic control\u201d (Jarrod Cagwin \u2013 2011); \u2013 \u201cJazz piano masterclass\u201d (Keith Tippett \u2013 2010);<\/p>\n<p>\u2013 \u201cAdvanced improvisation masterclass\u201d (Stefano Battaglia, Salvatore Maiore, Roberto Dani \u2013 2017)<br \/>\nAnd he has participated in numerous lectures by internationally renowned musicians (Klaus Gesing, Norma Winstone, Giovanni Maier, Paolino Dalla Porta, Stefano Battaglia, Roberto Dani, Curtis Lunday, Dennis Chambers, Salvatore Maiore, etc.).<\/p>\n<p>In 2010 he won the first prize in the jazz section at the international competition \u201cYoung Musicians\u201d and started with his brother Max the project \u201cTrabucco Bros\u201d which will see them produce the first album entitled \u201cOpen \/ Close\u201d (Blue Serge Records). and a second publication for Caligola Records: \u201cOrchestra\u201d. In 2012 he won the \u201cBlow in to the nightfly\u201d jazz contest in Lignano Sabbiadoro recording for \u201cUltra Sound Records\u201d the album \u201cMa.Mi.Ma. Quartet\u201d which allows him to open the concert to the English band Incognito. In 2013 he was selected for the \u201cBerklee Award Group\u201d (ensemble composed by the best students selected for the Berklee \/ Umbria Jazz courses) and signed a new recording contract with \u201cAbeat Records\u201d that will allow him to publish the album \u201cMaking Friends\u201d with the special participation of Klaus Gesing on soprano sax and bass clarinet. In 2015 he published \u201cOirquartett\u201d with which he won the prize for \u201cbest first album\u201d in the National competition \u201cChicco Bettinardi\u201d of Piacenza. Later thanks to Stefano Amerio he was recommended to record with the Oirquintet project at \u201cLa fabrique studio\u201d (FR) with the legendary AL Schmitt as sound engineer (Michel Jakson, Sinatra, Diana Krall \u2026) giving to the press \u201c\u2026E penso a te\u201d , jazz album dedicated to Italian song. In 2016 he is selected by Veneto Jazz as \u201d young Jazz Italian talent\u201d to open the concert by Stefano Bollani and publishes the first album as a leader entitled \u201cA Long Trip \/ With You\u201d obtaining excellent reviews. In 2019 he published \u201cMeraki\u201d, his second personal work produced by Stefano Amerio for Artesuono.<\/p>\n<p>The biography of Marco Trabucco is part of the book by Flavio Caprera: \u201cDictionary of Italian jazz\u201d published by Feltrinelli.<\/p>\n<p>EDUCATION<\/p>\n<ul>\n<li><strong>Second-cycle degree in JAZZ<\/strong><span>\u00a0<\/span>(equivalent to master) Conservatory of music Steffani of Castelfranco Veneto (Italy)<\/li>\n<li><strong>Second-cycle degree in<span>\u00a0<\/span><span>MUSIC IN EDUCATION<\/span><\/strong>\u00a0(equivalent to master) Conservatory of music Steffani of Castelfranco Veneto (Italy)<\/li>\n<li><strong>First-cycle degree in JAZZ<\/strong><span>\u00a0<\/span>(equivalent to bachelor) Conservatoriy of music Giuseppe Tartini of Trieste<\/li>\n<li><strong>First-cycle degree in Artistic and Entertainment Techniques<span>\u00a0<\/span><\/strong>(equivalent to bachelor) Ca\u2019 Foscari University of Venezia (Italy)<\/li>\n<\/ul>\n<p>AWARDS:<\/p>\n<ul>\n<li><strong>First prize<\/strong><span>\u00a0<\/span>in the jazz section at the international competition \u201cyoung musicians\u201d. First prize at the \u201cBlow in to the nightfly\u201d jazz contest<\/li>\n<li><strong>First prize<\/strong><span>\u00a0<\/span>in the \u201cbest first jazz album\u201d section in the National competition \u201cChicco Bettinardi\u201d with the album \u201cOirquartett\u201d<\/li>\n<li><strong>Berklee Umbria Jazz Award<\/strong><\/li>\n<\/ul>\n<p>The biography of Marco Trabucco is part of the book by Flavio Caprera: \u201cDictionary of Italian jazz\u201d published by Feltrinelli.<\/p>\n<p>DISCOGRAPHY:<\/p>\n<p>LEADER :<\/p>\n<ul>\n<li>X [ics] (Abeat)<\/li>\n<li>Meraki (Artesuono)<\/li>\n<li>A Long Trip Wiyh You (Abeat)<\/li>\n<\/ul>\n<p>OTHERS :<\/p>\n<ul>\n<li>Le Four \u2013 Le four (Artesuono)<\/li>\n<li>oir quintet \u2013 e penso a te (Abeat)<\/li>\n<li>oir quartett \u2013 oirquartett (Abeat)<\/li>\n<li>oir trio \u2013 Making Friends (Abeat)<\/li>\n<li>Trabucco bros \u2013\u00a0 orchestra (Caligola)<\/li>\n<li>Trabucco bros \u2013 open \/ close (blue serge)<\/li>\n<li>Mamima quartet \u2013 Ma.Mi.Ma (ultrasound)<\/li>\n<li>Orchestra Laboratorio (il piccolo di Trieste)\n<div class=\"row\">\n<div class=\"col-md-12\">\n<h1><\/h1>\n<h1><\/h1>\n<h1 class=\"hestia-title title-in-content\">PRESS<\/h1>\n<\/div>\n<\/div>\n<h1>X [ics]<\/h1>\n<p><span>\u201c<strong>L\u2019eccezionale neo-jazz di Marco Trabucco esibisce la velocit\u00e0, la facilit\u00e0 e il flash che lo ha reso il beniamino del jazz contemporaneo in Italia<\/strong>\u201d \u2013 (windout)<\/span><\/p>\n<p>Reviews<\/p>\n<p><a href=\"http:\/\/marcotrabucco.com\/wp-content\/uploads\/2023\/02\/Schermata-2023-02-11-alle-13.02.39.png\" target=\"_blank\" rel=\"noreferrer noopener\">windout<\/a><\/p>\n<p><a rel=\"noreferrer noopener\" href=\"https:\/\/www.doppiojazz.com\/2022\/12\/21\/xics-il-nuovo-disco-di-marco-trabucco-leggerezza-classica-e-istinto-jazz-abeat-records-2022\/?fbclid=IwAR3eJECID1bQyiYAOE_QTXtaCR6efP2rIXo8JGWVO4QGeDX8LAVs6LzkONs\" target=\"_blank\">doppiojazz.com<\/a><\/p>\n<p><a rel=\"noreferrer noopener\" href=\"http:\/\/www.musicmap.it\/recdischi\/ordinaperr.asp?id=9735\" target=\"_blank\">musicmap.it<\/a><\/p>\n<p><a rel=\"noreferrer noopener\" href=\"https:\/\/www.romainjazz.it\/recensioni\/945-marco-trabucco-x-ics.html?fbclid=IwAR2R7U_OobPhR1xr4fd9QyC8NL4v9MwPxFdEdUw38eCYSyJ20YIQHdDrF-Q\" target=\"_blank\">Romainjazz.it<\/a><\/p>\n<p><a href=\"https:\/\/lavetrinadegliartisti.altervista.org\/marco-trabucco-per-abeat-records-x-ics-e-il-nuovo-progetto\/?fbclid=IwAR2oH5YqTqT9kbn8jhbC_gt7kRZNyyyM6VK2PytfowscNmIl0pXh-6b7rZI&amp;doing_wp_cron=1674373468.7205870151519775390625\">lavetrinadegliartisti<\/a><\/p>\n<p><a href=\"http:\/\/worldjazznews.blogspot.com\/2023\/01\/category-archives-news-jazzworldquest.html\" target=\"_blank\" rel=\"noreferrer noopener\">worldjazznews<\/a><\/p>\n<p><a rel=\"noreferrer noopener\" href=\"http:\/\/www.online-jazz.net\/2023\/01\/28\/decathlon-discografico\/?fbclid=IwAR2LjvNqjMyGZwOVTSBHjQqdmE8tAatHBuV-e1sdc2C9qOnLH8HDlAsafdQ\" target=\"_blank\">online-jazz.net<\/a><\/p>\n<p><a href=\"https:\/\/traccedijazz.com\/2023\/05\/18\/vibrafonie-italiane\/\" target=\"_blank\" rel=\"noreferrer noopener\">traccedijazz.com<\/a><\/p>\n<p><a href=\"http:\/\/www.mellophonium.it\/online\/index.php?option=com_content&amp;task=blogcategory&amp;id=83&amp;Itemid=62&amp;fbclid=IwAR1q2_JCSDoyjdbuabrdNImVoVvkV9tnEmznprhWSggiuFqLZZwcgw5CFjk\" target=\"_blank\" rel=\"noreferrer noopener\">mellophomium.it<\/a><\/p>\n<h1>Meraki<\/h1>\n<p><em>\u201c\u2026Questo gruppo ha esperienza e gusto e prova a riconsegnare e mettere ci\u00f2 al servizio della narrazione musicale. I musicisti sono dotati di una solida tecnica, che non ostentano mai\u2026\u201d (Enzo Pietropaoli)<\/em><\/p>\n<p><em>\u201cMeraki \u00e8 fluttuante e poetico, minimale e di sostanza, nordico e solare; \u00e8 un<\/em><br \/>\n<em>disco di somma leggerezza\u201d (Flavio Caprera, JazzConvention)<\/em><\/p>\n<p><em>\u201cAccurata ricerca della nitidezza nei suoni, predilezione per atmosfere pacate e di ampio respiro fanno di Meraki un prodotto che si colloca nel solco del moderno mainstream nordeuropeo.\u201d (Alfonso Tregua, La Luna di Alfonso)<\/em><\/p>\n<p><em>\u201cuna gran bella incisione; un jazz di marca europea soffuso e raffinato\u201d (Vittorio Lo Conte, MusicZoom)<\/em><\/p>\n<p><em>\u201cun jazz con visioni dense di suggestioni contemporanee\u201d (Fabrizio Ciccarelli, Roma in jazz)<\/em><\/p>\n<p><em>\u201cIl jazz incontra lo zen.\u201d (Adriano Ghirardo, Mellophonium)<\/em><\/p>\n<p><em>\u201cSofisticato jazz da sala con accenti classici ma grazie all\u2019alto grado di sottigliezze melodiche e liriche, anche in linea con il lavoro di Enrico Pieranunzi, Fred Hersch e Philip Catherine.\u201d (Georges Tonla Briquet, Jazz Halo)<\/em><\/p>\n<p><em>\u201cUn disco per lo stupore dei sensi.\u201d (Serge Baudot, Jazz Hot)<\/em><\/p>\n<p><a href=\"https:\/\/smarturl.it\/merakiquartet\">smart url<\/a><\/p>\n<p><a href=\"http:\/\/www.jazzit.it\/merakiintervista-a-marco-trabucco\/\">jazzit: intervista\u00a0<\/a><br \/>\n<a href=\"https:\/\/www.jazzhalo.be\/reviews\/cdlp-reviews\/m\/marco-trabucco-meraki\/\">https:\/\/www.jazzhalo.be<\/a><br \/>\n<a href=\"http:\/\/marcotrabucco.com\/wp-content\/uploads\/2019\/09\/0.png\">jazzhot\u00a0<\/a><br \/>\n<a href=\"http:\/\/www.jazzitalia.net\/recensioni\/meraki.asp?fbclid=IwAR0XddNFuyIL-1hFM1OWQIYVE8Rba5wU0vC4FrRoZzlAtLuvj0iT1Uq94_I#.XgzLBUdKiM8\" target=\"_blank\" rel=\"noopener\">jazzitalia<\/a><br \/>\n<a href=\"http:\/\/jazzworldquest.com\/showcase-2018\">www.worldquest.com<\/a><br \/>\n<a href=\"https:\/\/bit.ly\/2TFBX9f\">www.soundcontest.com<\/a><br \/>\n<a href=\"http:\/\/marcotrabucco.com\/wp-content\/uploads\/2019\/04\/recensione.jpg\">musica news\u00a0<\/a><br \/>\n<a href=\"http:\/\/www.jazzconvention.net\/index.php?option=com_content&amp;view=article&amp;id=3980%3Amarco-trabucco-meraki&amp;catid=2%3Arecensioni&amp;Itemid=11&amp;fbclid=IwAR0BemqTJuWAVwHWWyQZ6SO2CAcC2VM83UP1pC8_9PPaJRYBmWfQ49YNh8M\">jazzconvention.net<\/a><br \/>\n<a href=\"http:\/\/www.online-jazz.net\/?s=meraki\">www.online-jazz.net<\/a><br \/>\n<a href=\"http:\/\/www.venetouno.it\/audio.php?pro=1040&amp;seq=1\">radio veneto 1<\/a><br \/>\n<a href=\"http:\/\/www.romainjazz.it\/index.php\/recensioni\/564-marco-trabucco-meraki?fbclid=IwAR1fHPn69XaWj6tY66z73XMHsbT1lIJEcj-oBm6KOa9NWrtFUr0XoUVDY0U\">www.romainjazz.com<\/a><br \/>\n<a href=\"https:\/\/lalunadialfonso.wordpress.com\/2019\/06\/01\/marco-trabucco-meraki\/\">lalunadialfonso.wordpress.com\u00a0<\/a><br \/>\n<a href=\"http:\/\/www.radiostart.it\/blog\/podcast\/jazz-un-disco-al-giorno-12-06-19\/embed\/\">jazz un disco al giorno (radio stART)<\/a><br \/>\n<a href=\"http:\/\/www.mellophonium.it\/online\/index.php?option=com_content&amp;task=view&amp;id=1748&amp;Itemid=62&amp;fbclid=IwAR2yGQCNEcaYnfoqv2qFlR0AcQ3CMlhAgP2MgQmxlV242EjNqivAAzGOTsk\">www.mellophonium.it<\/a><br \/>\n<a href=\"https:\/\/jazzquad.ru\/index.pl?act=PRODUCT&amp;id=5278#\">https:\/\/jazzquad.ru\u00a0<\/a><br \/>\n<a href=\"http:\/\/www.musiczoom.it\/?p=30687#.XTI4FRTgq70\">http:\/\/www.musiczoom.it<\/a><br \/>\n<a href=\"https:\/\/www.ilpopoloveneto.it\/notizie\/musica\/2019\/10\/29\/90567-meraki-la-devozione-del-contrabbassista-trevigiano-marco-trabucco-in-tour\">www.ilpopolodelveneto.it<\/a><br \/>\n<a href=\"http:\/\/www.trevisotoday.it\/social\/segnalazioni\/marco-trabucco-meraki-concerti-milano-treviso-28-ottobre-2019.html\">www.trevisotoday.it<\/a><\/p>\n<h1>A Long Trip<\/h1>\n<p><i>\u201c\u2026Fin dalle prime note si sente che la musica arriva, convince e conquista\u201d (Rosario Bonaccorso)<\/i><\/p>\n<p><i>\u201cNon pu\u00f2 che lasciare nell\u2019uditore un senso di coinvolgimento assoluto\u201d (Fabbrizio Ciccarelli, Roma in Jazz)<\/i><\/p>\n<p><i>\u201cUn musicista maturo e sensibile, dotato di una visione musicale che \u00e8 certamente attuale, ma che allo stesso tempo \u00e8 immersa in un\u2019estetica pi\u00f9 ampia.\u201d (Umberto Fiorentino)<\/i><\/p>\n<p><i>\u201cTrabucco si esprime con incantevole grazia, adornando il suo sermone improvvisativo con profondo lirismo.\u201d (Stefano Dentice) (Italia in Jazz)<\/i><\/p>\n<p><i>\u201cSiamo in ambito jazz, molto avvolgente, caldo, cool, suonato alla perfezione con assoli di gran pregio e uno spessore compositivo di primissimo livello. \u201d (Antonio Bacciocchi, radiocoop)<\/i><\/p>\n<p><i>\u201cAutorevole, espressivo, impinguato di fine liricit\u00e0\u201d (Giuseppe Mavilla, scrivere di Jazz)<\/i><\/p>\n<p><i>\u201cUn disco che recita quanto di nuovo e fresco vi possa essere in Italia\u201d (Alceste Ayroldi, Jazzitalia)<\/i><\/p>\n<p><i>\u201cSe \u00e8 vero che nelle vesti di autore Trabucco mostra una bella vena compositiva supportata da un gusto e una cantabilit\u00e0 decisamente italiani, \u00e8 pur vero che nelle vesti di strumentista egli mostra una buona tecnica esecutiva ed alcuni pregevoli assoli cos\u00ec come la capacit\u00e0 di condurre tutto l\u2019organico con sensibilit\u00e0 e phatos\u201d (Stefano Galvani, Guitar Club)<\/i><\/p>\n<p><i>\u201cUn pezzo di gemma da ascoltare, un lirismo italiano accuratamente tessuto con cura\u201d<\/i><\/p>\n<p>\u201cUno strumentista dallo stile asciutto, ma ricco di sensibilit\u00e0 melodica\u201d (Boddi, Musica Jazz)<\/p>\n<p><a href=\"http:\/\/marcotrabucco.com\/wp-content\/uploads\/2018\/09\/a-long-trip-Bonaccorso.pdf\">Rosario Bonaccorso<\/a><br \/>\n<a href=\"http:\/\/marcotrabucco.com\/wp-content\/uploads\/2018\/09\/a-long-trip-Roma-in-jazz.pdf\">www.romainjazz.it<\/a><br \/>\n<a href=\"http:\/\/marcotrabucco.com\/wp-content\/uploads\/2018\/09\/U.-Fiorentino-a-long-trip.pdf\">Umberto Fiorentino<\/a><br \/>\n<a href=\"http:\/\/marcotrabucco.com\/wp-content\/uploads\/2018\/09\/www.italiainjazz.it-a-long-trip.pdf\">www.italiainjazz.it<\/a><br \/>\n<a href=\"http:\/\/marcotrabucco.com\/wp-content\/uploads\/2018\/09\/www.radiocoop.it-a-long-trip.pdf\">www.radiocoop.it<\/a><br \/>\n<a href=\"http:\/\/marcotrabucco.com\/wp-content\/uploads\/2018\/09\/scriveredijazz.blogspot.com-a-long-.pdf\">www.scriveredijazz.blogspot.com<\/a><br \/>\n<a href=\"http:\/\/marcotrabucco.com\/wp-content\/uploads\/2018\/09\/Jazzitalia-a-long-trip.pdf\">www.jazzitalia.net<\/a><br \/>\n<a href=\"http:\/\/marcotrabucco.com\/wp-content\/uploads\/2017\/07\/recensione-A-long-guitar-club.jpg\">guitar club<\/a><br \/>\n<a href=\"http:\/\/marcotrabucco.com\/wp-content\/uploads\/2018\/09\/japan-a-long-trip.pdf\">da sito giapponese dedicato<\/a><br \/>\n<a href=\"http:\/\/marcotrabucco.com\/wp-content\/uploads\/2018\/09\/musica-jazz-a-long-trip.jpg\">musica jazz<\/a><\/li>\n<\/ul>","protected":false},"excerpt":{"rendered":"<p>&nbsp; \u201cInnovator in his area, Marco Trabucco embraces experimenting with contemporary music\u2019s new sounds.\u201d \u201cInnovatore nel suo settore, Marco Trabucco abbraccia la sperimentazione delle nuove sonorit\u00e0 della musica contemporanea.\u201d (Jazz world quest) \u201cYour playing shows maturity beyond your years\u201d (Steve Swallow) \u201cIl tuo modo di suonare denota maturit\u00e0 oltre i [&hellip;]<\/p>","protected":false},"author":1,"featured_media":0,"parent":0,"menu_order":0,"comment_status":"closed","ping_status":"closed","template":"","meta":{"footnotes":""},"class_list":["post-5186","page","type-page","status-publish","hentry"],"_links":{"self":[{"href":"https:\/\/marcotrabucco.com\/en\/wp-json\/wp\/v2\/pages\/5186","targetHints":{"allow":["GET"]}}],"collection":[{"href":"https:\/\/marcotrabucco.com\/en\/wp-json\/wp\/v2\/pages"}],"about":[{"href":"https:\/\/marcotrabucco.com\/en\/wp-json\/wp\/v2\/types\/page"}],"author":[{"embeddable":true,"href":"https:\/\/marcotrabucco.com\/en\/wp-json\/wp\/v2\/users\/1"}],"replies":[{"embeddable":true,"href":"https:\/\/marcotrabucco.com\/en\/wp-json\/wp\/v2\/comments?post=5186"}],"version-history":[{"count":3,"href":"https:\/\/marcotrabucco.com\/en\/wp-json\/wp\/v2\/pages\/5186\/revisions"}],"predecessor-version":[{"id":5273,"href":"https:\/\/marcotrabucco.com\/en\/wp-json\/wp\/v2\/pages\/5186\/revisions\/5273"}],"wp:attachment":[{"href":"https:\/\/marcotrabucco.com\/en\/wp-json\/wp\/v2\/media?parent=5186"}],"curies":[{"name":"wp","href":"https:\/\/api.w.org\/{rel}","templated":true}]}}