{"id":4499,"date":"2019-10-02T10:21:37","date_gmt":"2019-10-02T08:21:37","guid":{"rendered":"http:\/\/marcotrabucco.com\/?page_id=4499"},"modified":"2024-02-02T12:27:47","modified_gmt":"2024-02-02T11:27:47","slug":"press-2","status":"publish","type":"page","link":"https:\/\/marcotrabucco.com\/press-2\/","title":{"rendered":"PRESS"},"content":{"rendered":"<h1>X [ics]<\/h1>\n<p><span>\u201c<strong>L\u2019eccezionale neo-jazz di Marco Trabucco esibisce la velocit\u00e0, la facilit\u00e0 e il flash che lo ha reso il beniamino del jazz contemporaneo in Italia<\/strong>\u201d \u2013 (windout)<\/span><\/p>\n<p>Reviews<\/p>\n<p><a href=\"http:\/\/marcotrabucco.com\/wp-content\/uploads\/2023\/02\/Schermata-2023-02-11-alle-13.02.39.png\" target=\"_blank\" rel=\"noreferrer noopener\">windout<\/a><\/p>\n<p><a rel=\"noreferrer noopener\" href=\"https:\/\/www.doppiojazz.com\/2022\/12\/21\/xics-il-nuovo-disco-di-marco-trabucco-leggerezza-classica-e-istinto-jazz-abeat-records-2022\/?fbclid=IwAR3eJECID1bQyiYAOE_QTXtaCR6efP2rIXo8JGWVO4QGeDX8LAVs6LzkONs\" target=\"_blank\">doppiojazz.com<\/a><\/p>\n<p><a rel=\"noreferrer noopener\" href=\"http:\/\/www.musicmap.it\/recdischi\/ordinaperr.asp?id=9735\" target=\"_blank\">musicmap.it<\/a><\/p>\n<p><a rel=\"noreferrer noopener\" href=\"https:\/\/www.romainjazz.it\/recensioni\/945-marco-trabucco-x-ics.html?fbclid=IwAR2R7U_OobPhR1xr4fd9QyC8NL4v9MwPxFdEdUw38eCYSyJ20YIQHdDrF-Q\" target=\"_blank\">Romainjazz.it<\/a><\/p>\n<p><a href=\"https:\/\/lavetrinadegliartisti.altervista.org\/marco-trabucco-per-abeat-records-x-ics-e-il-nuovo-progetto\/?fbclid=IwAR2oH5YqTqT9kbn8jhbC_gt7kRZNyyyM6VK2PytfowscNmIl0pXh-6b7rZI&amp;doing_wp_cron=1674373468.7205870151519775390625\">lavetrinadegliartisti<\/a><\/p>\n<p><a href=\"http:\/\/worldjazznews.blogspot.com\/2023\/01\/category-archives-news-jazzworldquest.html\" target=\"_blank\" rel=\"noreferrer noopener\">worldjazznews<\/a><\/p>\n<p><a rel=\"noreferrer noopener\" href=\"http:\/\/www.online-jazz.net\/2023\/01\/28\/decathlon-discografico\/?fbclid=IwAR2LjvNqjMyGZwOVTSBHjQqdmE8tAatHBuV-e1sdc2C9qOnLH8HDlAsafdQ\" target=\"_blank\">online-jazz.net<\/a><\/p>\n<p><a href=\"https:\/\/traccedijazz.com\/2023\/05\/18\/vibrafonie-italiane\/\" target=\"_blank\" rel=\"noreferrer noopener\">traccedijazz.com<\/a><\/p>\n<p><a href=\"http:\/\/www.mellophonium.it\/online\/index.php?option=com_content&amp;task=blogcategory&amp;id=83&amp;Itemid=62&amp;fbclid=IwAR1q2_JCSDoyjdbuabrdNImVoVvkV9tnEmznprhWSggiuFqLZZwcgw5CFjk\" target=\"_blank\" rel=\"noreferrer noopener\">mellophomium.it<\/a><\/p>\n<h1>Meraki<\/h1>\n<p><em>\u201c\u2026Questo gruppo ha esperienza e gusto e prova a riconsegnare e mettere ci\u00f2 al servizio della narrazione musicale. I musicisti sono dotati di una solida tecnica, che non ostentano mai\u2026\u201d (Enzo Pietropaoli)<\/em><\/p>\n<p><em>\u201cMeraki \u00e8 fluttuante e poetico, minimale e di sostanza, nordico e solare; \u00e8 un<\/em><br \/>\n<em>disco di somma leggerezza\u201d (Flavio Caprera, JazzConvention)<\/em><\/p>\n<p><em>\u201cAccurata ricerca della nitidezza nei suoni, predilezione per atmosfere pacate e di ampio respiro fanno di Meraki un prodotto che si colloca nel solco del moderno mainstream nordeuropeo.\u201d (Alfonso Tregua, La Luna di Alfonso)<\/em><\/p>\n<p><em>\u201cuna gran bella incisione; un jazz di marca europea soffuso e raffinato\u201d (Vittorio Lo Conte, MusicZoom)<\/em><\/p>\n<p><em>\u201cun jazz con visioni dense di suggestioni contemporanee\u201d (Fabrizio Ciccarelli, Roma in jazz)<\/em><\/p>\n<p><em>\u201cIl jazz incontra lo zen.\u201d (Adriano Ghirardo, Mellophonium)<\/em><\/p>\n<p><em>\u201cSofisticato jazz da sala con accenti classici ma grazie all\u2019alto grado di sottigliezze melodiche e liriche, anche in linea con il lavoro di Enrico Pieranunzi, Fred Hersch e Philip Catherine.\u201d (Georges Tonla Briquet, Jazz Halo)<\/em><\/p>\n<p><em>\u201cUn disco per lo stupore dei sensi.\u201d (Serge Baudot, Jazz Hot)<\/em><\/p>\n<p><a href=\"https:\/\/smarturl.it\/merakiquartet\">smart url<\/a><\/p>\n<p><a href=\"http:\/\/www.jazzit.it\/merakiintervista-a-marco-trabucco\/\">jazzit: intervista\u00a0<\/a><br \/>\n<a href=\"https:\/\/www.jazzhalo.be\/reviews\/cdlp-reviews\/m\/marco-trabucco-meraki\/\">https:\/\/www.jazzhalo.be<\/a><br \/>\n<a href=\"http:\/\/marcotrabucco.com\/wp-content\/uploads\/2019\/09\/0.png\">jazzhot\u00a0<\/a><br \/>\n<a href=\"http:\/\/www.jazzitalia.net\/recensioni\/meraki.asp?fbclid=IwAR0XddNFuyIL-1hFM1OWQIYVE8Rba5wU0vC4FrRoZzlAtLuvj0iT1Uq94_I#.XgzLBUdKiM8\" target=\"_blank\" rel=\"noopener\">jazzitalia<\/a><br \/>\n<a href=\"http:\/\/jazzworldquest.com\/showcase-2018\">www.worldquest.com<\/a><br \/>\n<a href=\"https:\/\/bit.ly\/2TFBX9f\">www.soundcontest.com<\/a><br \/>\n<a href=\"http:\/\/marcotrabucco.com\/wp-content\/uploads\/2019\/04\/recensione.jpg\">musica news\u00a0<\/a><br \/>\n<a href=\"http:\/\/www.jazzconvention.net\/index.php?option=com_content&amp;view=article&amp;id=3980%3Amarco-trabucco-meraki&amp;catid=2%3Arecensioni&amp;Itemid=11&amp;fbclid=IwAR0BemqTJuWAVwHWWyQZ6SO2CAcC2VM83UP1pC8_9PPaJRYBmWfQ49YNh8M\">jazzconvention.net<\/a><br \/>\n<a href=\"http:\/\/www.online-jazz.net\/?s=meraki\">www.online-jazz.net<\/a><br \/>\n<a href=\"http:\/\/www.venetouno.it\/audio.php?pro=1040&amp;seq=1\">radio veneto 1<\/a><br \/>\n<a href=\"http:\/\/www.romainjazz.it\/index.php\/recensioni\/564-marco-trabucco-meraki?fbclid=IwAR1fHPn69XaWj6tY66z73XMHsbT1lIJEcj-oBm6KOa9NWrtFUr0XoUVDY0U\">www.romainjazz.com<\/a><br \/>\n<a href=\"https:\/\/lalunadialfonso.wordpress.com\/2019\/06\/01\/marco-trabucco-meraki\/\">lalunadialfonso.wordpress.com\u00a0<\/a><br \/>\n<a href=\"http:\/\/www.radiostart.it\/blog\/podcast\/jazz-un-disco-al-giorno-12-06-19\/embed\/\">jazz un disco al giorno (radio stART)<\/a><br \/>\n<a href=\"http:\/\/www.mellophonium.it\/online\/index.php?option=com_content&amp;task=view&amp;id=1748&amp;Itemid=62&amp;fbclid=IwAR2yGQCNEcaYnfoqv2qFlR0AcQ3CMlhAgP2MgQmxlV242EjNqivAAzGOTsk\">www.mellophonium.it<\/a><br \/>\n<a href=\"https:\/\/jazzquad.ru\/index.pl?act=PRODUCT&amp;id=5278#\">https:\/\/jazzquad.ru\u00a0<\/a><br \/>\n<a href=\"http:\/\/www.musiczoom.it\/?p=30687#.XTI4FRTgq70\">http:\/\/www.musiczoom.it<\/a><br \/>\n<a href=\"https:\/\/www.ilpopoloveneto.it\/notizie\/musica\/2019\/10\/29\/90567-meraki-la-devozione-del-contrabbassista-trevigiano-marco-trabucco-in-tour\">www.ilpopolodelveneto.it<\/a><br \/>\n<a href=\"http:\/\/www.trevisotoday.it\/social\/segnalazioni\/marco-trabucco-meraki-concerti-milano-treviso-28-ottobre-2019.html\">www.trevisotoday.it<\/a><\/p>\n<h1>A Long Trip<\/h1>\n<p><i>&#8220;&#8230;Fin dalle prime note si sente che la musica arriva, convince e conquista&#8221; (Rosario Bonaccorso)<\/i><\/p>\n<p><i>&#8220;Non pu\u00f2 che lasciare nell\u2019uditore un senso di coinvolgimento assoluto&#8221; (Fabbrizio Ciccarelli, Roma in Jazz)<\/i><\/p>\n<p><i>&#8220;Un musicista maturo e sensibile, dotato di una visione musicale che \u00e8 certamente attuale, ma che allo stesso tempo \u00e8 immersa in un\u2019estetica pi\u00f9 ampia.&#8221; (Umberto Fiorentino)<\/i><\/p>\n<p><i>&#8220;Trabucco si esprime con incantevole grazia, adornando il suo sermone improvvisativo con profondo lirismo.&#8221; (Stefano Dentice) (Italia in Jazz)<\/i><\/p>\n<p><i>&#8220;Siamo in ambito jazz, molto avvolgente, caldo, cool, suonato alla perfezione con assoli di gran pregio e uno spessore compositivo di primissimo livello. &#8221; (Antonio Bacciocchi, radiocoop)<\/i><\/p>\n<p><i>&#8220;Autorevole, espressivo, impinguato di fine liricit\u00e0&#8221; (Giuseppe Mavilla, scrivere di Jazz)<\/i><\/p>\n<p><i>&#8220;Un disco che recita quanto di nuovo e fresco vi possa essere in Italia&#8221; (Alceste Ayroldi, Jazzitalia)<\/i><\/p>\n<p><i>&#8220;Se \u00e8 vero che nelle vesti di autore Trabucco mostra una bella vena compositiva supportata da un gusto e una cantabilit\u00e0 decisamente italiani, \u00e8 pur vero che nelle vesti di strumentista egli mostra una buona tecnica esecutiva ed alcuni pregevoli assoli cos\u00ec come la capacit\u00e0 di condurre tutto l&#8217;organico con sensibilit\u00e0 e phatos&#8221; (Stefano Galvani, Guitar Club) <\/i><\/p>\n<p><i>&#8220;Un pezzo di gemma da ascoltare, un lirismo italiano accuratamente tessuto con cura&#8221;<\/i><\/p>\n<p>&#8220;Uno strumentista dallo stile asciutto, ma ricco di sensibilit\u00e0 melodica&#8221; (Boddi, Musica Jazz)<\/p>\n<p><a href=\"http:\/\/marcotrabucco.com\/wp-content\/uploads\/2018\/09\/a-long-trip-Bonaccorso.pdf\">Rosario Bonaccorso<\/a><br \/>\n<a href=\"http:\/\/marcotrabucco.com\/wp-content\/uploads\/2018\/09\/a-long-trip-Roma-in-jazz.pdf\">www.romainjazz.it<\/a><br \/>\n<a href=\"http:\/\/marcotrabucco.com\/wp-content\/uploads\/2018\/09\/U.-Fiorentino-a-long-trip.pdf\">Umberto Fiorentino<\/a><br \/>\n<a href=\"http:\/\/marcotrabucco.com\/wp-content\/uploads\/2018\/09\/www.italiainjazz.it-a-long-trip.pdf\">www.italiainjazz.it<\/a><br \/>\n<a href=\"http:\/\/marcotrabucco.com\/wp-content\/uploads\/2018\/09\/www.radiocoop.it-a-long-trip.pdf\">www.radiocoop.it<\/a><br \/>\n<a href=\"http:\/\/marcotrabucco.com\/wp-content\/uploads\/2018\/09\/scriveredijazz.blogspot.com-a-long-.pdf\">www.scriveredijazz.blogspot.com<\/a><br \/>\n<a href=\"http:\/\/marcotrabucco.com\/wp-content\/uploads\/2018\/09\/Jazzitalia-a-long-trip.pdf\">www.jazzitalia.net<\/a><br \/>\n<a href=\"http:\/\/marcotrabucco.com\/wp-content\/uploads\/2017\/07\/recensione-A-long-guitar-club.jpg\">guitar club<\/a><br \/>\n<a href=\"http:\/\/marcotrabucco.com\/wp-content\/uploads\/2018\/09\/japan-a-long-trip.pdf\">da sito giapponese dedicato<\/a><br \/>\n<a href=\"http:\/\/marcotrabucco.com\/wp-content\/uploads\/2018\/09\/musica-jazz-a-long-trip.jpg\">musica jazz<\/a><\/p>","protected":false},"excerpt":{"rendered":"<p>X [ics] \u201cL\u2019eccezionale neo-jazz di Marco Trabucco esibisce la velocit\u00e0, la facilit\u00e0 e il flash che lo ha reso il beniamino del jazz contemporaneo in Italia\u201d \u2013 (windout) Reviews windout doppiojazz.com musicmap.it Romainjazz.it lavetrinadegliartisti worldjazznews online-jazz.net traccedijazz.com mellophomium.it Meraki \u201c\u2026Questo gruppo ha esperienza e gusto e prova a riconsegnare e [&hellip;]<\/p>","protected":false},"author":1,"featured_media":0,"parent":0,"menu_order":0,"comment_status":"closed","ping_status":"closed","template":"","meta":{"footnotes":""},"class_list":["post-4499","page","type-page","status-publish","hentry"],"_links":{"self":[{"href":"https:\/\/marcotrabucco.com\/en\/wp-json\/wp\/v2\/pages\/4499","targetHints":{"allow":["GET"]}}],"collection":[{"href":"https:\/\/marcotrabucco.com\/en\/wp-json\/wp\/v2\/pages"}],"about":[{"href":"https:\/\/marcotrabucco.com\/en\/wp-json\/wp\/v2\/types\/page"}],"author":[{"embeddable":true,"href":"https:\/\/marcotrabucco.com\/en\/wp-json\/wp\/v2\/users\/1"}],"replies":[{"embeddable":true,"href":"https:\/\/marcotrabucco.com\/en\/wp-json\/wp\/v2\/comments?post=4499"}],"version-history":[{"count":18,"href":"https:\/\/marcotrabucco.com\/en\/wp-json\/wp\/v2\/pages\/4499\/revisions"}],"predecessor-version":[{"id":5126,"href":"https:\/\/marcotrabucco.com\/en\/wp-json\/wp\/v2\/pages\/4499\/revisions\/5126"}],"wp:attachment":[{"href":"https:\/\/marcotrabucco.com\/en\/wp-json\/wp\/v2\/media?parent=4499"}],"curies":[{"name":"wp","href":"https:\/\/api.w.org\/{rel}","templated":true}]}}