{"id":1523,"date":"2018-09-17T08:33:51","date_gmt":"2018-09-17T06:33:51","guid":{"rendered":"http:\/\/marcotrabucco.com\/?page_id=1523"},"modified":"2024-02-02T11:59:05","modified_gmt":"2024-02-02T10:59:05","slug":"trabucco-bros","status":"publish","type":"page","link":"https:\/\/marcotrabucco.com\/trabucco-bros\/","title":{"rendered":"Trabucco Bros"},"content":{"rendered":"<div class=\"paragraph\"><strong>Marco Trabucco<\/strong>\u00a0\/ contrabasso\u00a0<strong>Max Trabucco<\/strong>\u00a0\/ batteria<br \/>\n<a href=\"http:\/\/marcotrabucco.com\/wp-content\/uploads\/2017\/06\/11752506_10153461664383905_4231660381027051202_n.jpg\"><img fetchpriority=\"high\" decoding=\"async\" src=\"http:\/\/marcotrabucco.com\/wp-content\/uploads\/2017\/06\/11752506_10153461664383905_4231660381027051202_n-420x280.jpg\" alt=\"\" width=\"420\" height=\"280\" class=\"alignleft size-thumbnail wp-image-1220\" srcset=\"https:\/\/marcotrabucco.com\/wp-content\/uploads\/2017\/06\/11752506_10153461664383905_4231660381027051202_n-420x280.jpg 420w, https:\/\/marcotrabucco.com\/wp-content\/uploads\/2017\/06\/11752506_10153461664383905_4231660381027051202_n-600x399.jpg 600w, https:\/\/marcotrabucco.com\/wp-content\/uploads\/2017\/06\/11752506_10153461664383905_4231660381027051202_n-744x495.jpg 744w, https:\/\/marcotrabucco.com\/wp-content\/uploads\/2017\/06\/11752506_10153461664383905_4231660381027051202_n-768x511.jpg 768w, https:\/\/marcotrabucco.com\/wp-content\/uploads\/2017\/06\/11752506_10153461664383905_4231660381027051202_n-451x300.jpg 451w, https:\/\/marcotrabucco.com\/wp-content\/uploads\/2017\/06\/11752506_10153461664383905_4231660381027051202_n.jpg 960w\" sizes=\"(max-width: 420px) 100vw, 420px\" \/><\/a>\u200b<\/p>\n<\/div>\n<div class=\"paragraph\"><\/div>\n<div>\n<div class=\"wsite-multicol\">\n<div class=\"wsite-multicol-table-wrap\">\n<table class=\"wsite-multicol-table\">\n<tbody class=\"wsite-multicol-tbody\">\n<tr class=\"wsite-multicol-tr\">\n<td class=\"wsite-multicol-col\">\n<div class=\"wsite-image wsite-image-border-none\">\n<p><a href=\"http:\/\/marcotrabucco.com\/wp-content\/uploads\/2018\/09\/ed250_JAZZIT_NOV09-2.jpg\"><img decoding=\"async\" class=\"alignleft size-full wp-image-1535\" src=\"http:\/\/marcotrabucco.com\/wp-content\/uploads\/2018\/09\/ed250_JAZZIT_NOV09-2.jpg\" alt=\"\" width=\"68\" height=\"91\" \/><\/a><\/p>\n<div><\/div>\n<\/div>\n<\/td>\n<td class=\"wsite-multicol-col\">\n<div class=\"paragraph\" style=\"text-align: left;\"><strong>ORCHESTRA\u00a0 \/ Caligola, 2011<br \/>\n<\/strong><strong>Lanfranco Malaguti<\/strong>\u00a0\/ chitarra<br \/>\n<strong>Marco Trabucco<\/strong>\u00a0\/ basso e contrabbasso<br \/>\n<strong>Max Trabucco<\/strong> \/ batteria<br \/>\n<strong>Marco Ponchiroli\u00a0<\/strong>\/ piano<br \/>\n<strong>Simone Serafini<\/strong>\u00a0\/ contrabasso<br \/>\n<strong>Luca Colussi<\/strong>\u00a0\/ batteria<\/p>\n<\/div>\n<div>\n<p><iframe title=\"Spotify Embed: Orchestra\" style=\"border-radius: 12px\" width=\"100%\" height=\"352\" frameborder=\"0\" allowfullscreen allow=\"autoplay; clipboard-write; encrypted-media; fullscreen; picture-in-picture\" loading=\"lazy\" src=\"https:\/\/open.spotify.com\/embed\/album\/6WkzbKlVbEWOuX7RYy4qAK?si=mjUK2GoZTm2s2wf8kLy2NA&#038;utm_source=oembed\"><\/iframe><\/p>\n<\/div>\n<\/td>\n<\/tr>\n<\/tbody>\n<\/table>\n<\/div>\n<\/div>\n<\/div>\n<div class=\"paragraph\">Pur molto giovani, i fratelli Trabucco, nati ed ancora attivi a Mestre, sono gi\u00e0 al secondo disco a proprio nome. Marco, classe 1985, suona contrabbasso e basso elettrico, mentre Max, classe 1989, \u00e8 batterista. A due anni da \u00abOpen \/ Close\u00bb, pubblicato da Blue Serge, ma registrato in quello stesso anno, esce quindi \u00abOrchestra\u00bb, concept\u2013album certamente pi\u00f9 originale. L\u00ec un quartetto con il sax alto di Nicola Fazzini e la chitarra di Lanfranco Malaguti era impegnato nell\u2019interpretazione di standard, mentre in questo lavoro tutti i brani sono originali, nati dalla curiosit\u00e0 di sperimentare l\u2019accostamento fra musica scritta ed improvvisata, ma soprattutto molto diversa \u00e8 la formazione, anzi meglio sarebbe dire \u201cle formazioni\u201d. I nove brani (il decimo, At last, \u00e8 un frammento che dura meno di un minuto), sono infatti interpretati parte da un classico trio jazz (Happiness Island, Sentimento 28 pt. 1 e Indigo), abilmente guidato dal duttile pianoforte di Marco Ponchiroli, parte (i sei rimanenti) da un\u2019atipica formazione allargata, un sestetto con doppia sezione ritmica. Il contraltare ai due fratelli\u2013leader, \u00e8 rappresentato dalla solida ed altrettanto affiatata coppia formata da Simone Serafini, contrabbasso, Luca Colussi, batteria, mentre si dividono il ruolo di solisti il gi\u00e0 citato pianista ed il chitarrista Lanfranco Malaguti, gi\u00e0 presente nel primo album dei Trabucco. La scelta si rivela quanto mai indovinata, poich\u00e9 la presenza di musicisti esperti e carismatici, come i quattro scelti per completare il sestetto, conferisce solidit\u00e0 e concretezza ad un progetto molto libero ed aperto, e per questo assai rischioso, venendo richiesto ai sei musicisti di interpretare contemporaneamente la stessa idea musicale. Una libert\u00e0 che appare sapientemente \u201ccontrollata\u201d, com\u2019\u00e8 chiaro sin dal brano d\u2019apertura, il suggestivo For the city, ma soprattutto nella composizione che d\u00e0 il titolo all\u2019album e trae linfa vitale dal fitto dialogo tra la chitarra di Malaguti ed il piano di Ponchiroli, che invece avvolge i brani eseguiti in trio del suo dolce e sognante lirismo.<\/div>\n<div>.<\/div>\n<div class=\"paragraph\">\n<p><strong>PRESS<\/strong><\/p>\n<\/div>\n<div>&#8211; <a href=\"http:\/\/marcotrabucco.com\/wp-content\/uploads\/2018\/09\/orchestra-recensione1.pdf\" target=\"_blank\" rel=\"noopener\">Marco Maria Tosolini<\/a><\/div>\n<div>.<\/div>\n<div><a href=\"https:\/\/itunes.apple.com\/us\/artist\/trabucco-bros\/476445577\"><strong>BUY IT!<\/strong><\/a><\/div>\n<div><\/div>\n<div>\n<hr \/>\n<hr \/>\n<\/div>\n<div><\/div>\n<div>\n<div class=\"paragraph\"><\/div>\n<div>\n<div class=\"wsite-multicol\">\n<div class=\"wsite-multicol-table-wrap\">\n<table class=\"wsite-multicol-table\">\n<tbody class=\"wsite-multicol-tbody\">\n<tr class=\"wsite-multicol-tr\">\n<td class=\"wsite-multicol-col\">\n<div>\n<div class=\"wsite-image wsite-image-border-none\">\n<p>&nbsp;<\/p>\n<div><\/div>\n<\/div>\n<\/div>\n<\/td>\n<td class=\"wsite-multicol-col\">\n<div class=\"paragraph\"><strong>Open\/Close \/ Blue Serge, 2010<br \/>\n\u200b<\/strong><strong>Lanfranco Malaguti<\/strong>\u00a0\/ chitarra<br \/>\n\u200b<strong>Nicola Fazzini\u00a0<\/strong>\/ Sax alto\u200b<br \/>\n<strong>Marco Trabucco<\/strong>\u00a0\/ basso elettrico<br \/>\n<strong>Max Trabucco<\/strong> \/ batteria<\/p>\n<\/div>\n<div><\/div>\n<div>\n<p><iframe title=\"Spotify Embed: Open Close\" style=\"border-radius: 12px\" width=\"100%\" height=\"352\" frameborder=\"0\" allowfullscreen allow=\"autoplay; clipboard-write; encrypted-media; fullscreen; picture-in-picture\" loading=\"lazy\" src=\"https:\/\/open.spotify.com\/embed\/album\/4ilBcNEdus3jQP7xHOe0NN?si=5_ba_wN6QIeHRfaak6zqNQ&#038;utm_source=oembed\"><\/iframe><\/p>\n<\/div>\n<\/td>\n<\/tr>\n<\/tbody>\n<\/table>\n<\/div>\n<\/div>\n<\/div>\n<div class=\"paragraph\">L\u2019esordio discografico dei giovanissimi fratelli Trabucco, affiatata sezione ritmica di tante jam-session nordestine, presenta un repertorio interamente di standard (<em>Footprints,<\/em>All blues)con due solisti esperti ed espressivi come Malaguti e Fazzini. \u201cOpen\/Close\u201d \u00e8 l\u2019ennesimo segno della vitalit\u00e0 e della qualit\u00e0 che caratterizzano il giovane jazz italiano, e dell\u2019ottima comunicazione tra generazioni diverse di musicisti.<br \/>\n\u200b<\/div>\n<div><strong>PRESS:<\/strong><\/div>\n<div>&#8211; <a href=\"http:\/\/marcotrabucco.com\/wp-content\/uploads\/2018\/09\/open-close-giorndano-selini.jpg\">Giordano Selini<\/a><\/div>\n<div>\n<div class=\"wsite-image wsite-image-border-none\">\n<p><a href=\"https:\/\/www.amazon.it\/Open-Close-Trabucco-Bros\/dp\/B007N6LZCQ\"><strong>BUY IT!<\/strong><\/a><\/p>\n<div><\/div>\n<\/div>\n<\/div>\n<div><\/div>\n<\/div>","protected":false},"excerpt":{"rendered":"<p>Marco Trabucco\u00a0\/ contrabasso\u00a0Max Trabucco\u00a0\/ batteria \u200b ORCHESTRA\u00a0 \/ Caligola, 2011 Lanfranco Malaguti\u00a0\/ chitarra Marco Trabucco\u00a0\/ basso e contrabbasso Max Trabucco \/ batteria Marco Ponchiroli\u00a0\/ piano Simone Serafini\u00a0\/ contrabasso Luca Colussi\u00a0\/ batteria Pur molto giovani, i fratelli Trabucco, nati ed ancora attivi a Mestre, sono gi\u00e0 al secondo disco a proprio [&hellip;]<\/p>","protected":false},"author":1,"featured_media":0,"parent":0,"menu_order":0,"comment_status":"closed","ping_status":"closed","template":"","meta":{"footnotes":""},"class_list":["post-1523","page","type-page","status-publish","hentry"],"_links":{"self":[{"href":"https:\/\/marcotrabucco.com\/en\/wp-json\/wp\/v2\/pages\/1523","targetHints":{"allow":["GET"]}}],"collection":[{"href":"https:\/\/marcotrabucco.com\/en\/wp-json\/wp\/v2\/pages"}],"about":[{"href":"https:\/\/marcotrabucco.com\/en\/wp-json\/wp\/v2\/types\/page"}],"author":[{"embeddable":true,"href":"https:\/\/marcotrabucco.com\/en\/wp-json\/wp\/v2\/users\/1"}],"replies":[{"embeddable":true,"href":"https:\/\/marcotrabucco.com\/en\/wp-json\/wp\/v2\/comments?post=1523"}],"version-history":[{"count":16,"href":"https:\/\/marcotrabucco.com\/en\/wp-json\/wp\/v2\/pages\/1523\/revisions"}],"predecessor-version":[{"id":1534,"href":"https:\/\/marcotrabucco.com\/en\/wp-json\/wp\/v2\/pages\/1523\/revisions\/1534"}],"wp:attachment":[{"href":"https:\/\/marcotrabucco.com\/en\/wp-json\/wp\/v2\/media?parent=1523"}],"curies":[{"name":"wp","href":"https:\/\/api.w.org\/{rel}","templated":true}]}}